{"id":495,"date":"2018-11-14T09:14:50","date_gmt":"2018-11-14T09:14:50","guid":{"rendered":"http:\/\/localhost\/Website\/2018-06-lordsiva\/web\/?page_id=495"},"modified":"2018-11-22T01:22:03","modified_gmt":"2018-11-22T01:22:03","slug":"kedarnath-mandir-kedarnath-temple","status":"publish","type":"page","link":"https:\/\/www.lordsiva.in\/?page_id=495","title":{"rendered":"K\u0113d\u0101rn\u0101th Mandir (Kedarnath Temple)"},"content":{"rendered":"<p>The temple was built by Pandavas and revived by Adi Sankaracharya and is one of the twelve Jyotirlingas, the holiest Hindu shrines of Lord Shiva. It is on the Garhwal Himalayan range near the Mandakini river in Kedarnath, Uttarakhand in India.<\/p>\n<div class=\"ingClickInfo\">(Click on the photos for the larger images and you will see the intricate artistry, which went into them)<\/div>\n<div class=\"rl-gallery-container rl-loading\" id=\"rl-gallery-container-1\" data-gallery_id=\"881\"> <div class=\"rl-gallery rl-basicgrid-gallery rl-hover-icon-2\" id=\"rl-gallery-1\" data-gallery_no=\"1\"> <div class=\"rl-gallery-item\"><a href=\"https:\/\/www.lordsiva.in\/wp-content\/uploads\/2018\/11\/kedernath-temple-1.jpg\" title=\"\" data-rl_title=\"\" class=\"rl-gallery-link\" data-rl_caption=\"\" data-rel=\"web-lightbox-gallery-1\"><img loading=\"lazy\" decoding=\"async\" src=\"https:\/\/www.lordsiva.in\/wp-content\/uploads\/2018\/11\/kedernath-temple-1-225x240.jpg\" width=\"225\" height=\"240\" alt=\"Kedarnath Temple\" \/><\/a><\/div><div class=\"rl-gallery-item\"><a href=\"https:\/\/www.lordsiva.in\/wp-content\/uploads\/2018\/11\/kedernath-temple-2.jpg\" title=\"\" data-rl_title=\"\" class=\"rl-gallery-link\" data-rl_caption=\"\" data-rel=\"web-lightbox-gallery-1\"><img loading=\"lazy\" decoding=\"async\" src=\"https:\/\/www.lordsiva.in\/wp-content\/uploads\/2018\/11\/kedernath-temple-2-225x240.jpg\" width=\"225\" height=\"240\" alt=\"Kedarnath Temple\" \/><\/a><\/div><div class=\"rl-gallery-item\"><a href=\"https:\/\/www.lordsiva.in\/wp-content\/uploads\/2018\/11\/kedernath-temple-3.jpg\" title=\"\" data-rl_title=\"\" class=\"rl-gallery-link\" data-rl_caption=\"\" data-rel=\"web-lightbox-gallery-1\"><img loading=\"lazy\" decoding=\"async\" src=\"https:\/\/www.lordsiva.in\/wp-content\/uploads\/2018\/11\/kedernath-temple-3-225x240.jpg\" width=\"225\" height=\"240\" alt=\"Kedarnath Temple\" \/><\/a><\/div><div class=\"rl-gallery-item\"><a href=\"https:\/\/www.lordsiva.in\/wp-content\/uploads\/2018\/11\/kedernath-temple-4.jpg\" title=\"\" data-rl_title=\"\" class=\"rl-gallery-link\" data-rl_caption=\"\" data-rel=\"web-lightbox-gallery-1\"><img loading=\"lazy\" decoding=\"async\" src=\"https:\/\/www.lordsiva.in\/wp-content\/uploads\/2018\/11\/kedernath-temple-4-225x240.jpg\" width=\"225\" height=\"240\" alt=\"Kedarnath Temple\" \/><\/a><\/div> <\/div> <\/div>\n","protected":false},"excerpt":{"rendered":"<p>The temple was built by Pandavas and revived by Adi Sankaracharya and is one of the twelve Jyotirlingas, the holiest Hindu shrines of Lord Shiva. It is on the Garhwal Himalayan range near the Mandakini river in Kedarnath, Uttarakhand in India. (Click on the photos for the larger images and you will see the intricate &hellip; <a href=\"https:\/\/www.lordsiva.in\/?page_id=495\">Continued<\/a><\/p>\n","protected":false},"author":1,"featured_media":0,"parent":0,"menu_order":0,"comment_status":"closed","ping_status":"closed","template":"","meta":{"footnotes":""},"class_list":["post-495","page","type-page","status-publish","hentry"],"_links":{"self":[{"href":"https:\/\/www.lordsiva.in\/index.php?rest_route=\/wp\/v2\/pages\/495","targetHints":{"allow":["GET"]}}],"collection":[{"href":"https:\/\/www.lordsiva.in\/index.php?rest_route=\/wp\/v2\/pages"}],"about":[{"href":"https:\/\/www.lordsiva.in\/index.php?rest_route=\/wp\/v2\/types\/page"}],"author":[{"embeddable":true,"href":"https:\/\/www.lordsiva.in\/index.php?rest_route=\/wp\/v2\/users\/1"}],"replies":[{"embeddable":true,"href":"https:\/\/www.lordsiva.in\/index.php?rest_route=%2Fwp%2Fv2%2Fcomments&post=495"}],"version-history":[{"count":0,"href":"https:\/\/www.lordsiva.in\/index.php?rest_route=\/wp\/v2\/pages\/495\/revisions"}],"wp:attachment":[{"href":"https:\/\/www.lordsiva.in\/index.php?rest_route=%2Fwp%2Fv2%2Fmedia&parent=495"}],"curies":[{"name":"wp","href":"https:\/\/api.w.org\/{rel}","templated":true}]}}