{"id":507,"date":"2018-11-14T09:16:47","date_gmt":"2018-11-14T09:16:47","guid":{"rendered":"http:\/\/localhost\/Website\/2018-06-lordsiva\/web\/?page_id=507"},"modified":"2020-07-27T08:14:06","modified_gmt":"2020-07-27T08:14:06","slug":"sakti","status":"publish","type":"page","link":"https:\/\/www.lordsiva.in\/?page_id=507","title":{"rendered":"Sakti"},"content":{"rendered":"<div class=\"innerContentHead\">Amba Mata Mandir<\/div>\n<p>This Amba Mata Mandir is located at Gamdevi, Mumbai, Maharashtra 400007, India.<br \/>\nAmba Devi (Goddess of Shakti).<\/p>\n<p><strong>Goddess Ambika is adhyashakti (original energy force). She grants energy to the prakruti. Prakruti becomes powerful and energized by worshipping her. Goddess Ambika can destroy one&#8217;s worldly obstacles if prayed to with devotion.<\/strong> According to legends, it is believed that Shri Krishna married Rukmini after abducting her when she came to pray at the Amba Devi temple which is situated at the heart of the city of Amaravati, Maharashtra,.<\/p>\n<p>Goddess Amba is popular among the devotees from Vidarbh. Vidarbha is the eastern region of the Indian state of Maharashtra.<\/p>\n<p>Also shown from the same Amba temple in Gamdevi, is Shitala (Sheetala), also called Sitala (\u0936\u0940\u0924\u0932\u093e \u015b\u012btal\u0101), is a folk deity, worshiped by many faiths in regions of North India, West Bengal, Nepal, Bangladesh and Pakistan. As an incarnation of Supreme Goddess Durga, she cures poxes, sores, ghouls, pustules and diseases. There are two idols of Shitala Devi in this temple.(See images)<\/p>\n<p>Also shown from the same Amba temple in Gamdevi is Kaal Bhairav.<\/p>\n<div class=\"ingClickInfo\">(click on the photos for larger images) for ALL photos<\/div>\n<div><div class=\"rl-gallery-container rl-loading\" id=\"rl-gallery-container-1\" data-gallery_id=\"590\"> <div class=\"rl-gallery rl-basicgrid-gallery rl-hover-icon-2\" id=\"rl-gallery-1\" data-gallery_no=\"1\"> <div class=\"rl-gallery-item\"><a href=\"https:\/\/www.lordsiva.in\/wp-content\/uploads\/2018\/11\/sakthi-3-1.jpg\" title=\"\" data-rl_title=\"\" class=\"rl-gallery-link\" data-rl_caption=\"\" data-rel=\"web-lightbox-gallery-1\"><img loading=\"lazy\" decoding=\"async\" src=\"https:\/\/www.lordsiva.in\/wp-content\/uploads\/2018\/11\/sakthi-3-1-225x240.jpg\" width=\"225\" height=\"240\" alt=\"\" \/><\/a><\/div><div class=\"rl-gallery-item\"><a href=\"https:\/\/www.lordsiva.in\/wp-content\/uploads\/2018\/11\/sakthi-3-2.jpg\" title=\"\" data-rl_title=\"\" class=\"rl-gallery-link\" data-rl_caption=\"\" data-rel=\"web-lightbox-gallery-1\"><img loading=\"lazy\" decoding=\"async\" src=\"https:\/\/www.lordsiva.in\/wp-content\/uploads\/2018\/11\/sakthi-3-2-225x240.jpg\" width=\"225\" height=\"240\" alt=\"\" \/><\/a><\/div><div class=\"rl-gallery-item\"><a href=\"https:\/\/www.lordsiva.in\/wp-content\/uploads\/2018\/11\/sakthi-3-3.jpg\" title=\"\" data-rl_title=\"\" class=\"rl-gallery-link\" data-rl_caption=\"\" data-rel=\"web-lightbox-gallery-1\"><img loading=\"lazy\" decoding=\"async\" src=\"https:\/\/www.lordsiva.in\/wp-content\/uploads\/2018\/11\/sakthi-3-3-225x240.jpg\" width=\"225\" height=\"240\" alt=\"\" \/><\/a><\/div><div class=\"rl-gallery-item\"><a href=\"https:\/\/www.lordsiva.in\/wp-content\/uploads\/2018\/11\/sakthi-3-4.jpg\" title=\"\" data-rl_title=\"\" class=\"rl-gallery-link\" data-rl_caption=\"\" data-rel=\"web-lightbox-gallery-1\"><img loading=\"lazy\" decoding=\"async\" src=\"https:\/\/www.lordsiva.in\/wp-content\/uploads\/2018\/11\/sakthi-3-4-225x240.jpg\" width=\"225\" height=\"240\" alt=\"\" \/><\/a><\/div><div class=\"rl-gallery-item\"><a href=\"https:\/\/www.lordsiva.in\/wp-content\/uploads\/2018\/11\/sakthi-3-5.jpg\" title=\"\" data-rl_title=\"\" class=\"rl-gallery-link\" data-rl_caption=\"\" data-rel=\"web-lightbox-gallery-1\"><img loading=\"lazy\" decoding=\"async\" src=\"https:\/\/www.lordsiva.in\/wp-content\/uploads\/2018\/11\/sakthi-3-5-225x240.jpg\" width=\"225\" height=\"240\" alt=\"\" \/><\/a><\/div> <\/div> <\/div><\/div>\n<div><\/div>\n<div class=\"innerContentHead\">Mahalakshmi Temple, Kolhapur<\/div>\n<p>The Shri Mahalakshmi (AmbaBai) Temple of Kolhapur in Maharashtra, India, is one of the Shakti Peethas listed in various puranas of Hinduism. According to these writings, a Shakti Peetha is a place associated with Shakti, the goddess of power. The Kolhapur Shakti Peetha is of special religious significance being one of the six places where it is believed that one can either obtain salvation from desires or have them fulfilled. The temple takes its name from Mahalakshmi, the consort of Vishnu, and it is believed that the divine couple reside in the area.<\/p>\n<div class=\"ingClickInfo\">(click on the photos for larger images) for ALL photos<\/div>\n<div><div class=\"rl-gallery-container rl-loading\" id=\"rl-gallery-container-2\" data-gallery_id=\"596\"> <div class=\"rl-gallery rl-basicgrid-gallery rl-hover-icon-2\" id=\"rl-gallery-2\" data-gallery_no=\"2\"> <div class=\"rl-gallery-item\"><a href=\"https:\/\/www.lordsiva.in\/wp-content\/uploads\/2018\/11\/sakthi-4-1.jpg\" title=\"\" data-rl_title=\"\" class=\"rl-gallery-link\" data-rl_caption=\"\" data-rel=\"web-lightbox-gallery-2\"><img loading=\"lazy\" decoding=\"async\" src=\"https:\/\/www.lordsiva.in\/wp-content\/uploads\/2018\/11\/sakthi-4-1-225x240.jpg\" width=\"225\" height=\"240\" alt=\"\" \/><\/a><\/div><div class=\"rl-gallery-item\"><a href=\"https:\/\/www.lordsiva.in\/wp-content\/uploads\/2018\/11\/sakthi-4-2.jpg\" title=\"\" data-rl_title=\"\" class=\"rl-gallery-link\" data-rl_caption=\"\" data-rel=\"web-lightbox-gallery-2\"><img loading=\"lazy\" decoding=\"async\" src=\"https:\/\/www.lordsiva.in\/wp-content\/uploads\/2018\/11\/sakthi-4-2-225x240.jpg\" width=\"225\" height=\"240\" alt=\"\" \/><\/a><\/div> <\/div> <\/div><\/div>\n<div><\/div>\n<div class=\"innerContentHead\">The Divine Mother<\/div>\n<p>Sri Rajarajeshwari temple and Sri Kailash Ashrama Mahasamsthana that are situated in Rajarajeshwari Nagar in Bangalore, the capital city of Karnataka, adorn the city as well as the state.<\/p>\n<p>The presiding Deity \u2018Sri Rajarajeshwari\u2019 is seated on this Shakti Peetha called as Jaya Peetha in the magnificent temple precincts. It is said that in the remote past many devas, rishis, munis, siddhas including deva rishi Narada and others have propitiated the divine mother Sri Rajarajeshwari at this very place and obtained siddhi.<\/p>\n<p>\u2018Sri Rajarajeshwari has divine energies of both Siva and Sakti,, but the Sakti, or Mother, principle is the foremost aspect of her Divinity.<\/p>\n<p>Sri kailash asharama Mahasamsthana<\/p>\n<p>Please read their website given for full details. <a href=\"http:\/\/www.srikailashashrama.org\" target=\"_blank\" rel=\"noopener noreferrer\">srikailashashrama.org<\/a><\/p>\n<div class=\"ingClickInfo\">(click on the photos for larger images) for ALL photos<\/div>\n<div><div class=\"rl-gallery-container rl-loading\" id=\"rl-gallery-container-3\" data-gallery_id=\"599\"> <div class=\"rl-gallery rl-basicgrid-gallery rl-hover-icon-2\" id=\"rl-gallery-3\" data-gallery_no=\"3\"> <div class=\"rl-gallery-item\"><a href=\"https:\/\/www.lordsiva.in\/wp-content\/uploads\/2018\/11\/sakthi-1-1-large.jpg\" title=\"\" data-rl_title=\"\" class=\"rl-gallery-link\" data-rl_caption=\"\" data-rel=\"web-lightbox-gallery-3\"><img loading=\"lazy\" decoding=\"async\" src=\"https:\/\/www.lordsiva.in\/wp-content\/uploads\/2018\/11\/sakthi-1-1-large-225x240.jpg\" width=\"225\" height=\"240\" alt=\"\" \/><\/a><\/div><div class=\"rl-gallery-item\"><a href=\"https:\/\/www.lordsiva.in\/wp-content\/uploads\/2018\/11\/sakthi-1-2-large.jpg\" title=\"\" data-rl_title=\"\" class=\"rl-gallery-link\" data-rl_caption=\"\" data-rel=\"web-lightbox-gallery-3\"><img loading=\"lazy\" decoding=\"async\" src=\"https:\/\/www.lordsiva.in\/wp-content\/uploads\/2018\/11\/sakthi-1-2-large-225x240.jpg\" width=\"225\" height=\"240\" alt=\"\" \/><\/a><\/div><div class=\"rl-gallery-item\"><a href=\"https:\/\/www.lordsiva.in\/wp-content\/uploads\/2018\/11\/sakthi-1-3-large.jpg\" title=\"\" data-rl_title=\"\" class=\"rl-gallery-link\" data-rl_caption=\"\" data-rel=\"web-lightbox-gallery-3\"><img loading=\"lazy\" decoding=\"async\" src=\"https:\/\/www.lordsiva.in\/wp-content\/uploads\/2018\/11\/sakthi-1-3-large-225x240.jpg\" width=\"225\" height=\"240\" alt=\"\" \/><\/a><\/div><div class=\"rl-gallery-item\"><a href=\"https:\/\/www.lordsiva.in\/wp-content\/uploads\/2018\/11\/sakthi-1-4-large.jpg\" title=\"\" data-rl_title=\"\" class=\"rl-gallery-link\" data-rl_caption=\"\" data-rel=\"web-lightbox-gallery-3\"><img loading=\"lazy\" decoding=\"async\" src=\"https:\/\/www.lordsiva.in\/wp-content\/uploads\/2018\/11\/sakthi-1-4-large-225x240.jpg\" width=\"225\" height=\"240\" alt=\"\" \/><\/a><\/div><div class=\"rl-gallery-item\"><a href=\"https:\/\/www.lordsiva.in\/wp-content\/uploads\/2018\/11\/sakthi-1-5-large.jpg\" title=\"\" data-rl_title=\"\" class=\"rl-gallery-link\" data-rl_caption=\"\" data-rel=\"web-lightbox-gallery-3\"><img loading=\"lazy\" decoding=\"async\" src=\"https:\/\/www.lordsiva.in\/wp-content\/uploads\/2018\/11\/sakthi-1-5-large-225x240.jpg\" width=\"225\" height=\"240\" alt=\"\" \/><\/a><\/div><div class=\"rl-gallery-item\"><a href=\"https:\/\/www.lordsiva.in\/wp-content\/uploads\/2018\/11\/sakthi-1-6-large.jpg\" title=\"\" data-rl_title=\"\" class=\"rl-gallery-link\" data-rl_caption=\"\" data-rel=\"web-lightbox-gallery-3\"><img loading=\"lazy\" decoding=\"async\" src=\"https:\/\/www.lordsiva.in\/wp-content\/uploads\/2018\/11\/sakthi-1-6-large-225x240.jpg\" width=\"225\" height=\"240\" alt=\"\" \/><\/a><\/div><div class=\"rl-gallery-item\"><a href=\"https:\/\/www.lordsiva.in\/wp-content\/uploads\/2018\/11\/sakthi-1-7-large.jpg\" title=\"\" data-rl_title=\"\" class=\"rl-gallery-link\" data-rl_caption=\"\" data-rel=\"web-lightbox-gallery-3\"><img loading=\"lazy\" decoding=\"async\" src=\"https:\/\/www.lordsiva.in\/wp-content\/uploads\/2018\/11\/sakthi-1-7-large-225x240.jpg\" width=\"225\" height=\"240\" alt=\"\" \/><\/a><\/div><div class=\"rl-gallery-item\"><a href=\"https:\/\/www.lordsiva.in\/wp-content\/uploads\/2018\/11\/sakthi-1-8-large.jpg\" title=\"\" data-rl_title=\"\" class=\"rl-gallery-link\" data-rl_caption=\"\" data-rel=\"web-lightbox-gallery-3\"><img loading=\"lazy\" decoding=\"async\" src=\"https:\/\/www.lordsiva.in\/wp-content\/uploads\/2018\/11\/sakthi-1-8-large-225x240.jpg\" width=\"225\" height=\"240\" alt=\"\" \/><\/a><\/div><div class=\"rl-gallery-item\"><a href=\"https:\/\/www.lordsiva.in\/wp-content\/uploads\/2018\/11\/sakthi-1-9-large.jpg\" title=\"\" data-rl_title=\"\" class=\"rl-gallery-link\" data-rl_caption=\"\" data-rel=\"web-lightbox-gallery-3\"><img loading=\"lazy\" decoding=\"async\" src=\"https:\/\/www.lordsiva.in\/wp-content\/uploads\/2018\/11\/sakthi-1-9-large-225x240.jpg\" width=\"225\" height=\"240\" alt=\"\" \/><\/a><\/div><div class=\"rl-gallery-item\"><a href=\"https:\/\/www.lordsiva.in\/wp-content\/uploads\/2018\/11\/sakthi-1-10-large.jpg\" title=\"\" data-rl_title=\"\" class=\"rl-gallery-link\" data-rl_caption=\"\" data-rel=\"web-lightbox-gallery-3\"><img loading=\"lazy\" decoding=\"async\" src=\"https:\/\/www.lordsiva.in\/wp-content\/uploads\/2018\/11\/sakthi-1-10-large-225x240.jpg\" width=\"225\" height=\"240\" alt=\"\" \/><\/a><\/div><div class=\"rl-gallery-item\"><a href=\"https:\/\/www.lordsiva.in\/wp-content\/uploads\/2018\/11\/sakthi-1-11-large.jpg\" title=\"\" data-rl_title=\"\" class=\"rl-gallery-link\" data-rl_caption=\"\" data-rel=\"web-lightbox-gallery-3\"><img loading=\"lazy\" decoding=\"async\" src=\"https:\/\/www.lordsiva.in\/wp-content\/uploads\/2018\/11\/sakthi-1-11-large-225x240.jpg\" width=\"225\" height=\"240\" alt=\"\" \/><\/a><\/div> <\/div> <\/div><\/div>\n<div><\/div>\n<div class=\"innerContentHead\">SAKTI<\/div>\n<p>Sri kailash asharama Mahasamsthana<\/p>\n<p>Please read their website given for full details. <a href=\"http:\/\/www.srikailashashrama.org\" target=\"_blank\" rel=\"noopener noreferrer\">srikailashashrama.org<\/a><\/p>\n<div class=\"ingClickInfo\">(click on the photos for larger images) for ALL photos<\/div>\n<div><div class=\"rl-gallery-container rl-loading\" id=\"rl-gallery-container-4\" data-gallery_id=\"611\"> <div class=\"rl-gallery rl-basicgrid-gallery rl-hover-icon-2\" id=\"rl-gallery-4\" data-gallery_no=\"4\"> <div class=\"rl-gallery-item\"><a href=\"https:\/\/www.lordsiva.in\/wp-content\/uploads\/2018\/11\/sakthi-2-1-large.jpg\" title=\"\" data-rl_title=\"\" class=\"rl-gallery-link\" data-rl_caption=\"\" data-rel=\"web-lightbox-gallery-4\"><img loading=\"lazy\" decoding=\"async\" src=\"https:\/\/www.lordsiva.in\/wp-content\/uploads\/2018\/11\/sakthi-2-1-large-225x240.jpg\" width=\"225\" height=\"240\" alt=\"\" \/><\/a><\/div><div class=\"rl-gallery-item\"><a href=\"https:\/\/www.lordsiva.in\/wp-content\/uploads\/2018\/11\/sakthi-2-2-large.jpg\" title=\"\" data-rl_title=\"\" class=\"rl-gallery-link\" data-rl_caption=\"\" data-rel=\"web-lightbox-gallery-4\"><img loading=\"lazy\" decoding=\"async\" src=\"https:\/\/www.lordsiva.in\/wp-content\/uploads\/2018\/11\/sakthi-2-2-large-225x240.jpg\" width=\"225\" height=\"240\" alt=\"\" \/><\/a><\/div><div class=\"rl-gallery-item\"><a href=\"https:\/\/www.lordsiva.in\/wp-content\/uploads\/2018\/11\/sakthi-2-3-large.jpg\" title=\"\" data-rl_title=\"\" class=\"rl-gallery-link\" data-rl_caption=\"\" data-rel=\"web-lightbox-gallery-4\"><img loading=\"lazy\" decoding=\"async\" src=\"https:\/\/www.lordsiva.in\/wp-content\/uploads\/2018\/11\/sakthi-2-3-large-225x240.jpg\" width=\"225\" height=\"240\" alt=\"\" \/><\/a><\/div><div class=\"rl-gallery-item\"><a href=\"https:\/\/www.lordsiva.in\/wp-content\/uploads\/2018\/11\/sakthi-2-4-large.jpg\" title=\"\" data-rl_title=\"\" class=\"rl-gallery-link\" data-rl_caption=\"\" data-rel=\"web-lightbox-gallery-4\"><img loading=\"lazy\" decoding=\"async\" src=\"https:\/\/www.lordsiva.in\/wp-content\/uploads\/2018\/11\/sakthi-2-4-large-225x240.jpg\" width=\"225\" height=\"240\" alt=\"\" \/><\/a><\/div><div class=\"rl-gallery-item\"><a href=\"https:\/\/www.lordsiva.in\/wp-content\/uploads\/2018\/11\/sakthi-2-5-large.jpg\" title=\"\" data-rl_title=\"\" class=\"rl-gallery-link\" data-rl_caption=\"\" data-rel=\"web-lightbox-gallery-4\"><img loading=\"lazy\" decoding=\"async\" src=\"https:\/\/www.lordsiva.in\/wp-content\/uploads\/2018\/11\/sakthi-2-5-large-225x240.jpg\" width=\"225\" height=\"240\" alt=\"\" \/><\/a><\/div><div class=\"rl-gallery-item\"><a href=\"https:\/\/www.lordsiva.in\/wp-content\/uploads\/2018\/11\/sakthi-2-6-large.jpg\" title=\"\" data-rl_title=\"\" class=\"rl-gallery-link\" data-rl_caption=\"\" data-rel=\"web-lightbox-gallery-4\"><img loading=\"lazy\" decoding=\"async\" src=\"https:\/\/www.lordsiva.in\/wp-content\/uploads\/2018\/11\/sakthi-2-6-large-225x240.jpg\" width=\"225\" height=\"240\" alt=\"\" \/><\/a><\/div><div class=\"rl-gallery-item\"><a href=\"https:\/\/www.lordsiva.in\/wp-content\/uploads\/2018\/11\/sakthi-2-7-large.jpg\" title=\"\" data-rl_title=\"\" class=\"rl-gallery-link\" data-rl_caption=\"\" data-rel=\"web-lightbox-gallery-4\"><img loading=\"lazy\" decoding=\"async\" src=\"https:\/\/www.lordsiva.in\/wp-content\/uploads\/2018\/11\/sakthi-2-7-large-225x240.jpg\" width=\"225\" height=\"240\" alt=\"\" \/><\/a><\/div><div class=\"rl-gallery-item\"><a href=\"https:\/\/www.lordsiva.in\/wp-content\/uploads\/2018\/11\/sakthi-2-8-large.jpg\" title=\"\" data-rl_title=\"\" class=\"rl-gallery-link\" data-rl_caption=\"\" data-rel=\"web-lightbox-gallery-4\"><img loading=\"lazy\" decoding=\"async\" src=\"https:\/\/www.lordsiva.in\/wp-content\/uploads\/2018\/11\/sakthi-2-8-large-225x240.jpg\" width=\"225\" height=\"240\" alt=\"\" \/><\/a><\/div><div class=\"rl-gallery-item\"><a href=\"https:\/\/www.lordsiva.in\/wp-content\/uploads\/2018\/11\/sakthi-2-9-large.jpg\" title=\"\" data-rl_title=\"\" class=\"rl-gallery-link\" data-rl_caption=\"\" data-rel=\"web-lightbox-gallery-4\"><img loading=\"lazy\" decoding=\"async\" src=\"https:\/\/www.lordsiva.in\/wp-content\/uploads\/2018\/11\/sakthi-2-9-large-225x240.jpg\" width=\"225\" height=\"240\" alt=\"\" \/><\/a><\/div><div class=\"rl-gallery-item\"><a href=\"https:\/\/www.lordsiva.in\/wp-content\/uploads\/2018\/11\/sakthi-2-10-large.jpg\" title=\"\" data-rl_title=\"\" class=\"rl-gallery-link\" data-rl_caption=\"\" data-rel=\"web-lightbox-gallery-4\"><img loading=\"lazy\" decoding=\"async\" src=\"https:\/\/www.lordsiva.in\/wp-content\/uploads\/2018\/11\/sakthi-2-10-large-225x240.jpg\" width=\"225\" height=\"240\" alt=\"\" \/><\/a><\/div><div class=\"rl-gallery-item\"><a href=\"https:\/\/www.lordsiva.in\/wp-content\/uploads\/2018\/11\/sakthi-2-11-large.jpg\" title=\"\" data-rl_title=\"\" class=\"rl-gallery-link\" data-rl_caption=\"\" data-rel=\"web-lightbox-gallery-4\"><img loading=\"lazy\" decoding=\"async\" src=\"https:\/\/www.lordsiva.in\/wp-content\/uploads\/2018\/11\/sakthi-2-11-large-225x240.jpg\" width=\"225\" height=\"240\" alt=\"\" \/><\/a><\/div><div class=\"rl-gallery-item\"><a href=\"https:\/\/www.lordsiva.in\/wp-content\/uploads\/2018\/11\/sakthi-2-12-large.jpg\" title=\"\" data-rl_title=\"\" class=\"rl-gallery-link\" data-rl_caption=\"\" data-rel=\"web-lightbox-gallery-4\"><img loading=\"lazy\" decoding=\"async\" src=\"https:\/\/www.lordsiva.in\/wp-content\/uploads\/2018\/11\/sakthi-2-12-large-225x240.jpg\" width=\"225\" height=\"240\" alt=\"\" \/><\/a><\/div><div class=\"rl-gallery-item\"><a href=\"https:\/\/www.lordsiva.in\/wp-content\/uploads\/2018\/11\/sakthi-2-13-large.jpg\" title=\"\" data-rl_title=\"\" class=\"rl-gallery-link\" data-rl_caption=\"\" data-rel=\"web-lightbox-gallery-4\"><img loading=\"lazy\" decoding=\"async\" src=\"https:\/\/www.lordsiva.in\/wp-content\/uploads\/2018\/11\/sakthi-2-13-large-225x240.jpg\" width=\"225\" height=\"240\" alt=\"\" \/><\/a><\/div> <\/div> <\/div><\/div>\n<div><\/div>\n<div class=\"innerContentHead\">Shri Maa Lakshmi ( Amba Bhai) Mandir, Vadodara, Gujarat<\/div>\n<div class=\"ingClickInfo\">(click on the photos for larger images) for ALL photos<\/div>\n<div><div class=\"rl-gallery-container rl-loading\" id=\"rl-gallery-container-5\" data-gallery_id=\"626\"> <div class=\"rl-gallery rl-basicgrid-gallery rl-hover-icon-2\" id=\"rl-gallery-5\" data-gallery_no=\"5\"> <div class=\"rl-gallery-item\"><a href=\"https:\/\/www.lordsiva.in\/wp-content\/uploads\/2018\/11\/mahalakshmi-temple-vadodara-2.jpg\" title=\"\" data-rl_title=\"\" class=\"rl-gallery-link\" data-rl_caption=\"\" data-rel=\"web-lightbox-gallery-5\"><img loading=\"lazy\" decoding=\"async\" src=\"https:\/\/www.lordsiva.in\/wp-content\/uploads\/2018\/11\/mahalakshmi-temple-vadodara-2-225x240.jpg\" width=\"225\" height=\"240\" alt=\"\" \/><\/a><\/div><div class=\"rl-gallery-item\"><a href=\"https:\/\/www.lordsiva.in\/wp-content\/uploads\/2018\/11\/mahalakshmi-temple-vadodara-1.jpg\" title=\"\" data-rl_title=\"\" class=\"rl-gallery-link\" data-rl_caption=\"\" data-rel=\"web-lightbox-gallery-5\"><img loading=\"lazy\" decoding=\"async\" src=\"https:\/\/www.lordsiva.in\/wp-content\/uploads\/2018\/11\/mahalakshmi-temple-vadodara-1-225x240.jpg\" width=\"225\" height=\"240\" alt=\"\" \/><\/a><\/div> <\/div> <\/div><\/div>\n<div class=\"innerContentHead\">Mayakka Devi Mandir<\/div>\n<p><span style=\"text-decoration: underline;\"><strong>Address:<\/strong><\/span> Chinchali, Karnataka 591 217<\/p>\n<p><a href=\"http:\/\/www.lordsiva.in\/wp-content\/uploads\/2018\/12\/Mayakka-Devi-Mandir.jpg\" data-rel=\"web-lightbox-image-33\" data-rl_title=\"\" data-rl_caption=\"\" title=\"\"><img loading=\"lazy\" decoding=\"async\" class=\"border p-1 alignright wp-image-1069 size-medium\" src=\"http:\/\/www.lordsiva.in\/wp-content\/uploads\/2018\/12\/Mayakka-Devi-Mandir-209x300.jpg\" alt=\"Mayakka Devi Mandir\" width=\"209\" height=\"300\" srcset=\"https:\/\/www.lordsiva.in\/wp-content\/uploads\/2018\/12\/Mayakka-Devi-Mandir-209x300.jpg 209w, https:\/\/www.lordsiva.in\/wp-content\/uploads\/2018\/12\/Mayakka-Devi-Mandir-768x1104.jpg 768w, https:\/\/www.lordsiva.in\/wp-content\/uploads\/2018\/12\/Mayakka-Devi-Mandir-713x1024.jpg 713w, https:\/\/www.lordsiva.in\/wp-content\/uploads\/2018\/12\/Mayakka-Devi-Mandir.jpg 1098w\" sizes=\"auto, (max-width: 209px) 100vw, 209px\" \/><\/a>One more most important specialty of Goddess is &#8220;Shree Chinchali Mayakka Devi temple is concerned with all type of religions instead of a particular religion&#8221;.<\/p>\n<div class=\"ingClickInfo clearfix\">(Click on the photos for the larger images and you will see the intricate artistry, which went into them)<\/div>\n<div class=\"innerContentHead\">Shree Saraswati Temple<\/div>\n<p><a href=\"http:\/\/www.lordsiva.in\/wp-content\/uploads\/2018\/12\/Shree-Saraswati-Temple.jpg\" data-rel=\"web-lightbox-image-34\" data-rl_title=\"\" data-rl_caption=\"\" title=\"\"><img loading=\"lazy\" decoding=\"async\" class=\"border p-1 wp-image-1076 size-medium alignleft\" src=\"http:\/\/www.lordsiva.in\/wp-content\/uploads\/2018\/12\/Shree-Saraswati-Temple-225x300.jpg\" alt=\"Shree Saraswati Temple\" width=\"225\" height=\"300\" srcset=\"https:\/\/www.lordsiva.in\/wp-content\/uploads\/2018\/12\/Shree-Saraswati-Temple-225x300.jpg 225w, https:\/\/www.lordsiva.in\/wp-content\/uploads\/2018\/12\/Shree-Saraswati-Temple-768x1024.jpg 768w, https:\/\/www.lordsiva.in\/wp-content\/uploads\/2018\/12\/Shree-Saraswati-Temple.jpg 774w\" sizes=\"auto, (max-width: 225px) 100vw, 225px\" \/><\/a><span style=\"text-decoration: underline;\"><strong>Address:<\/strong><\/span>&nbsp; Sir Phirozshah Mehta Rd, Kala Ghoda, Fort, Mumbai, Maharashtra 400 001<\/p>\n<div class=\"ingClickInfo clearfix\">(Click on the photos for the larger images and you will see the intricate artistry, which went into them)<\/div>\n<div class=\"innerContentHead\">Khodiyar Maa<\/div>\n<p>Khodiyar Maa (Maa meaning mother in many Indian languages) is a warrior Hindu goddess born in Charan caste around 700 AD. She was the daughter of Mamad Ji Charan.<\/p>\n<div class=\"ingClickInfo clearfix\">(Click on the photos for the larger images and you will see the intricate artistry, which went into them)<\/div>\n<div class=\"rl-gallery-container rl-loading\" id=\"rl-gallery-container-6\" data-gallery_id=\"1140\"> <div class=\"rl-gallery rl-basicgrid-gallery \" id=\"rl-gallery-6\" data-gallery_no=\"6\"> <div class=\"rl-gallery-item\"><a href=\"https:\/\/www.lordsiva.in\/wp-content\/uploads\/2019\/07\/Khodiyar-Maa-2.jpg\" title=\"\" data-rl_title=\"\" class=\"rl-gallery-link\" data-rl_caption=\"\" data-rel=\"web-lightbox-gallery-6\"><img loading=\"lazy\" decoding=\"async\" src=\"https:\/\/www.lordsiva.in\/wp-content\/uploads\/2019\/07\/Khodiyar-Maa-2-225x240.jpg\" width=\"225\" height=\"240\" alt=\"Khodiyar Maa\" \/><span class=\"rl-gallery-caption\"><span class=\"rl-gallery-item-title\">Khodiyar Maa<\/span><\/span><\/a><\/div><div class=\"rl-gallery-item\"><a href=\"https:\/\/www.lordsiva.in\/wp-content\/uploads\/2019\/07\/Khodiyar-Maa-1.jpg\" title=\"\" data-rl_title=\"\" class=\"rl-gallery-link\" data-rl_caption=\"\" data-rel=\"web-lightbox-gallery-6\"><img loading=\"lazy\" decoding=\"async\" src=\"https:\/\/www.lordsiva.in\/wp-content\/uploads\/2019\/07\/Khodiyar-Maa-1-225x240.jpg\" width=\"225\" height=\"240\" alt=\"Khodiyar Maa\" \/><span class=\"rl-gallery-caption\"><span class=\"rl-gallery-item-title\">Khodiyar Maa<\/span><\/span><\/a><\/div> <\/div> <\/div>\n","protected":false},"excerpt":{"rendered":"<p>Amba Mata Mandir This Amba Mata Mandir is located at Gamdevi, Mumbai, Maharashtra 400007, India. Amba Devi (Goddess of Shakti). Goddess Ambika is adhyashakti (original energy force). She grants energy to the prakruti. Prakruti becomes powerful and energized by worshipping her. Goddess Ambika can destroy one&#8217;s worldly obstacles if prayed to with devotion. According to &hellip; <a href=\"https:\/\/www.lordsiva.in\/?page_id=507\">Continued<\/a><\/p>\n","protected":false},"author":1,"featured_media":0,"parent":0,"menu_order":0,"comment_status":"closed","ping_status":"closed","template":"","meta":{"footnotes":""},"class_list":["post-507","page","type-page","status-publish","hentry"],"_links":{"self":[{"href":"https:\/\/www.lordsiva.in\/index.php?rest_route=\/wp\/v2\/pages\/507","targetHints":{"allow":["GET"]}}],"collection":[{"href":"https:\/\/www.lordsiva.in\/index.php?rest_route=\/wp\/v2\/pages"}],"about":[{"href":"https:\/\/www.lordsiva.in\/index.php?rest_route=\/wp\/v2\/types\/page"}],"author":[{"embeddable":true,"href":"https:\/\/www.lordsiva.in\/index.php?rest_route=\/wp\/v2\/users\/1"}],"replies":[{"embeddable":true,"href":"https:\/\/www.lordsiva.in\/index.php?rest_route=%2Fwp%2Fv2%2Fcomments&post=507"}],"version-history":[{"count":0,"href":"https:\/\/www.lordsiva.in\/index.php?rest_route=\/wp\/v2\/pages\/507\/revisions"}],"wp:attachment":[{"href":"https:\/\/www.lordsiva.in\/index.php?rest_route=%2Fwp%2Fv2%2Fmedia&parent=507"}],"curies":[{"name":"wp","href":"https:\/\/api.w.org\/{rel}","templated":true}]}}